{"id":22,"date":"2020-03-24T10:00:37","date_gmt":"2020-03-24T09:00:37","guid":{"rendered":""},"modified":"2020-04-01T11:52:07","modified_gmt":"2020-04-01T09:52:07","slug":"ueber-uns","status":"publish","type":"page","link":"https:\/\/www.chapeau-woolyjoy.com\/shop\/ueber-uns\/","title":{"rendered":"\u00dcber uns"},"content":{"rendered":"<h1 style=\"text-align: center;\">\u00dcber uns<\/h1>\n<p style=\"text-align: center;\">Das Design der Marke &#8220;chapeau! wooly joy&#8221; ist vom Farbenspiel der Natur inspiriert. Merino, Alpaka, Seide und Kaschmir \u2013 weltweit suchen wir f\u00fcr Sie mit gro\u00dfer Sorgfalt die edelsten Garne h\u00f6chster Qualit\u00e4t und verarbeiten sie zu Ihrem neuen Lieblingsst\u00fcck. Wir freuen uns, wenn Sie sich vom wohlig, weichen Tragekomfort \u00fcberzeugen.<\/p>\n<p style=\"text-align: center;\">Doch das Beste kommt zum Schluss: Zus\u00e4tzlich zu unseren <span id=\"u6612-8\">Hauben<\/span> haben wir heuer die Kollektion um <span id=\"u6612-10\">Headbands, Rollys und Schals<\/span> erweitert. So hat eben alles Hand und Fu\u00df oder wie wir meinen Kopf und Kragen.<\/p>\n","protected":false},"excerpt":{"rendered":"<p>\u00dcber uns Das Design der Marke &#8220;chapeau! wooly joy&#8221; ist vom Farbenspiel der Natur inspiriert. Merino, Alpaka, Seide und Kaschmir \u2013 weltweit suchen wir f\u00fcr Sie mit gro\u00dfer Sorgfalt die edelsten Garne h\u00f6chster Qualit\u00e4t und verarbeiten sie zu Ihrem neuen Lieblingsst\u00fcck. Wir freuen uns, wenn Sie sich vom wohlig, weichen Tragekomfort \u00fcberzeugen. Doch das Beste kommt zum Schluss: Zus\u00e4tzlich zu unseren Hauben haben wir heuer die Kollektion um Headbands, Rollys und Schals erweitert. So hat eben alles Hand und Fu\u00df oder wie wir meinen Kopf und Kragen.<\/p>\n","protected":false},"author":1,"featured_media":0,"parent":0,"menu_order":0,"comment_status":"closed","ping_status":"closed","template":"","meta":{"footnotes":""},"_links":{"self":[{"href":"https:\/\/www.chapeau-woolyjoy.com\/shop\/wp-json\/wp\/v2\/pages\/22"}],"collection":[{"href":"https:\/\/www.chapeau-woolyjoy.com\/shop\/wp-json\/wp\/v2\/pages"}],"about":[{"href":"https:\/\/www.chapeau-woolyjoy.com\/shop\/wp-json\/wp\/v2\/types\/page"}],"author":[{"embeddable":true,"href":"https:\/\/www.chapeau-woolyjoy.com\/shop\/wp-json\/wp\/v2\/users\/1"}],"replies":[{"embeddable":true,"href":"https:\/\/www.chapeau-woolyjoy.com\/shop\/wp-json\/wp\/v2\/comments?post=22"}],"version-history":[{"count":3,"href":"https:\/\/www.chapeau-woolyjoy.com\/shop\/wp-json\/wp\/v2\/pages\/22\/revisions"}],"predecessor-version":[{"id":482,"href":"https:\/\/www.chapeau-woolyjoy.com\/shop\/wp-json\/wp\/v2\/pages\/22\/revisions\/482"}],"wp:attachment":[{"href":"https:\/\/www.chapeau-woolyjoy.com\/shop\/wp-json\/wp\/v2\/media?parent=22"}],"curies":[{"name":"wp","href":"https:\/\/api.w.org\/{rel}","templated":true}]}}