{"id":25,"date":"2020-03-24T10:00:37","date_gmt":"2020-03-24T09:00:37","guid":{"rendered":""},"modified":"2023-11-08T13:45:28","modified_gmt":"2023-11-08T12:45:28","slug":"startseite","status":"publish","type":"page","link":"https:\/\/www.chapeau-woolyjoy.com\/shop\/startseite\/","title":{"rendered":"Startseite"},"content":{"rendered":"\t\t<div data-elementor-type=\"wp-page\" data-elementor-id=\"25\" class=\"elementor elementor-25\">\n\t\t\t\t\t\t\t\t\t<section class=\"elementor-section elementor-top-section elementor-element elementor-element-345f2b2 elementor-section-boxed elementor-section-height-default elementor-section-height-default\" data-id=\"345f2b2\" data-element_type=\"section\">\n\t\t\t\t\t\t<div class=\"elementor-container elementor-column-gap-default\">\n\t\t\t\t\t<div class=\"elementor-column elementor-col-100 elementor-top-column elementor-element elementor-element-44d8fc6\" data-id=\"44d8fc6\" data-element_type=\"column\">\n\t\t\t<div class=\"elementor-widget-wrap elementor-element-populated\">\n\t\t\t\t\t\t\t\t<div class=\"elementor-element elementor-element-9b711d1 elementor-align-center elementor-widget__width-initial elementor-absolute elementor-hidden-desktop elementor-hidden-tablet elementor-hidden-phone elementor-widget elementor-widget-button\" data-id=\"9b711d1\" data-element_type=\"widget\" data-settings=\"{&quot;_position&quot;:&quot;absolute&quot;}\" data-widget_type=\"button.default\">\n\t\t\t\t<div class=\"elementor-widget-container\">\n\t\t\t\t\t<div class=\"elementor-button-wrapper\">\n\t\t\t<a class=\"elementor-button elementor-button-link elementor-size-xl\" href=\"https:\/\/www.chapeau-woolyjoy.com\/shop\/produkte\/?filter_preis=aktion\">\n\t\t\t\t\t\t<span class=\"elementor-button-content-wrapper\">\n\t\t\t\t\t\t<span class=\"elementor-button-text\">AKTION<\/span>\n\t\t<\/span>\n\t\t\t\t\t<\/a>\n\t\t<\/div>\n\t\t\t\t<\/div>\n\t\t\t\t<\/div>\n\t\t\t\t\t<\/div>\n\t\t<\/div>\n\t\t\t\t\t\t\t<\/div>\n\t\t<\/section>\n\t\t\t\t<section class=\"elementor-section elementor-top-section elementor-element elementor-element-4eb323cc elementor-section-boxed elementor-section-height-default elementor-section-height-default\" data-id=\"4eb323cc\" data-element_type=\"section\">\n\t\t\t\t\t\t<div class=\"elementor-container elementor-column-gap-default\">\n\t\t\t\t\t<div class=\"elementor-column elementor-col-100 elementor-top-column elementor-element elementor-element-2f731548\" data-id=\"2f731548\" data-element_type=\"column\">\n\t\t\t<div class=\"elementor-widget-wrap elementor-element-populated\">\n\t\t\t\t\t\t\t\t<div class=\"elementor-element elementor-element-272c09b8 elementor-widget elementor-widget-text-editor\" data-id=\"272c09b8\" data-element_type=\"widget\" data-widget_type=\"text-editor.default\">\n\t\t\t\t<div class=\"elementor-widget-container\">\n\t\t\t\t\t\t\t<h1><strong>CHAPEAU!<\/strong><\/h1>\n<h3><span style=\"color: #cab4b1;\">Pop Up store und adventm\u00e4rkte 2022\/23<\/span><\/h3>\n<div>17. November 2022\u201314.J\u00e4nner 2023, 1010 Wien, <b>Bauernmarkt 8<\/b><\/div>\n<div>18.\u201320. November 2022, <b>Lederleitner G\u00e4rtnerei, 3452 Atzenbrugg<\/b>, Schubertstar\u00dfe 36<\/div>\n<div>24.\u201327. November 2022, <b>Lederleitner HOME, Schloss Walpersdorf<\/b>, 3131 Walpersdorf, Schlossstra\u00dfe 2<\/div>\t\t\t\t\t\t<\/div>\n\t\t\t\t<\/div>\n\t\t\t\t<div class=\"elementor-element elementor-element-bfa7c1c elementor-widget elementor-widget-spacer\" data-id=\"bfa7c1c\" data-element_type=\"widget\" data-widget_type=\"spacer.default\">\n\t\t\t\t<div class=\"elementor-widget-container\">\n\t\t\t\t\t<div class=\"elementor-spacer\">\n\t\t\t<div class=\"elementor-spacer-inner\"><\/div>\n\t\t<\/div>\n\t\t\t\t<\/div>\n\t\t\t\t<\/div>\n\t\t\t\t\t<\/div>\n\t\t<\/div>\n\t\t\t\t\t\t\t<\/div>\n\t\t<\/section>\n\t\t\t\t<section class=\"elementor-section elementor-top-section elementor-element elementor-element-b3d3dab elementor-section-boxed elementor-section-height-default elementor-section-height-default\" data-id=\"b3d3dab\" data-element_type=\"section\">\n\t\t\t\t\t\t<div class=\"elementor-container elementor-column-gap-default\">\n\t\t\t\t\t<div class=\"elementor-column elementor-col-100 elementor-top-column elementor-element elementor-element-e6daba8\" data-id=\"e6daba8\" data-element_type=\"column\">\n\t\t\t<div class=\"elementor-widget-wrap elementor-element-populated\">\n\t\t\t\t\t\t\t\t<section class=\"elementor-section elementor-inner-section elementor-element elementor-element-9693695 elementor-section-full_width elementor-section-height-default elementor-section-height-default\" data-id=\"9693695\" data-element_type=\"section\">\n\t\t\t\t\t\t<div class=\"elementor-container elementor-column-gap-default\">\n\t\t\t\t\t<div class=\"elementor-column elementor-col-33 elementor-inner-column elementor-element elementor-element-76de967\" data-id=\"76de967\" data-element_type=\"column\">\n\t\t\t<div class=\"elementor-widget-wrap elementor-element-populated\">\n\t\t\t\t\t\t\t\t<div class=\"elementor-element elementor-element-ed86f39 elementor-widget elementor-widget-image\" data-id=\"ed86f39\" data-element_type=\"widget\" data-widget_type=\"image.default\">\n\t\t\t\t<div class=\"elementor-widget-container\">\n\t\t\t\t\t\t\t\t\t\t\t\t\t\t\t\t<a href=\"https:\/\/www.chapeau-woolyjoy.com\/shop\/kategorie\/schals\/bambu\/\">\n\t\t\t\t\t\t\t<img decoding=\"async\" src=\"https:\/\/www.chapeau-woolyjoy.com\/shop\/wp-content\/uploads\/2021\/12\/Bamboo.jpg\" title=\"Bambu\" alt=\"Bambu\" loading=\"lazy\" \/>\t\t\t\t\t\t\t\t<\/a>\n\t\t\t\t\t\t\t\t\t\t\t\t\t\t\t<\/div>\n\t\t\t\t<\/div>\n\t\t\t\t\t<\/div>\n\t\t<\/div>\n\t\t\t\t<div class=\"elementor-column elementor-col-66 elementor-inner-column elementor-element elementor-element-d55c97b\" data-id=\"d55c97b\" data-element_type=\"column\">\n\t\t\t<div class=\"elementor-widget-wrap elementor-element-populated\">\n\t\t\t\t\t\t\t\t<div class=\"elementor-element elementor-element-d271d06 elementor-widget elementor-widget-text-editor\" data-id=\"d271d06\" data-element_type=\"widget\" data-widget_type=\"text-editor.default\">\n\t\t\t\t<div class=\"elementor-widget-container\">\n\t\t\t\t\t\t\t<h2>BAMBU<\/h2><p><span style=\"color: #ff0000\"><strong>AKTION: Mut zur Farbe: Nimm 3 Zahl 2<\/strong><\/span><\/p><p><strong>Material:<\/strong> 100% Bambus-Viskose<\/p><p><strong>Verarbeitung:<\/strong> gewebt<\/p><p><strong>Gr\u00f6\u00dfe:<\/strong> ca. 60\/70 x 190\/200<\/p><p><strong>Farben:<\/strong> 14 verschiedenen Farben<\/p><p><strong>Feeling:<\/strong> seidig-gl\u00e4nzend, glatt-weiches Kaschmir-Feeling<\/p><p><strong>Hergestellt in<\/strong>: Indien<\/p><p><strong>Preis: \u20ac 95<\/strong><\/p>\t\t\t\t\t\t<\/div>\n\t\t\t\t<\/div>\n\t\t\t\t<div class=\"elementor-element elementor-element-68c05c6 elementor-widget elementor-widget-button\" data-id=\"68c05c6\" data-element_type=\"widget\" data-widget_type=\"button.default\">\n\t\t\t\t<div class=\"elementor-widget-container\">\n\t\t\t\t\t<div class=\"elementor-button-wrapper\">\n\t\t\t<a class=\"elementor-button elementor-button-link elementor-size-sm\" href=\"https:\/\/www.chapeau-woolyjoy.com\/shop\/kategorie\/schals\/bambu\/\">\n\t\t\t\t\t\t<span class=\"elementor-button-content-wrapper\">\n\t\t\t\t\t\t<span class=\"elementor-button-text\">zu den Modellen<\/span>\n\t\t<\/span>\n\t\t\t\t\t<\/a>\n\t\t<\/div>\n\t\t\t\t<\/div>\n\t\t\t\t<\/div>\n\t\t\t\t\t<\/div>\n\t\t<\/div>\n\t\t\t\t\t\t\t<\/div>\n\t\t<\/section>\n\t\t\t\t\t<\/div>\n\t\t<\/div>\n\t\t\t\t\t\t\t<\/div>\n\t\t<\/section>\n\t\t\t\t<section class=\"elementor-section elementor-top-section elementor-element elementor-element-eb73835 elementor-section-boxed elementor-section-height-default elementor-section-height-default\" data-id=\"eb73835\" data-element_type=\"section\">\n\t\t\t\t\t\t<div class=\"elementor-container elementor-column-gap-default\">\n\t\t\t\t\t<div class=\"elementor-column elementor-col-100 elementor-top-column elementor-element elementor-element-51dea1f\" data-id=\"51dea1f\" data-element_type=\"column\">\n\t\t\t<div class=\"elementor-widget-wrap elementor-element-populated\">\n\t\t\t\t\t\t\t\t<div class=\"elementor-element elementor-element-4df67a6 elementor-widget-divider--view-line_text elementor-widget-divider--element-align-center elementor-widget elementor-widget-divider\" data-id=\"4df67a6\" data-element_type=\"widget\" data-widget_type=\"divider.default\">\n\t\t\t\t<div class=\"elementor-widget-container\">\n\t\t\t\t\t<div class=\"elementor-divider\">\n\t\t\t<span class=\"elementor-divider-separator\">\n\t\t\t\t\t\t\t<span class=\"elementor-divider__text elementor-divider__element\">\n\t\t\t\tCHAPEAU! WOOLY JOY\t\t\t\t<\/span>\n\t\t\t\t\t\t<\/span>\n\t\t<\/div>\n\t\t\t\t<\/div>\n\t\t\t\t<\/div>\n\t\t\t\t\t<\/div>\n\t\t<\/div>\n\t\t\t\t\t\t\t<\/div>\n\t\t<\/section>\n\t\t\t\t<section class=\"elementor-section elementor-top-section elementor-element elementor-element-8aab48f elementor-section-boxed elementor-section-height-default elementor-section-height-default\" data-id=\"8aab48f\" data-element_type=\"section\">\n\t\t\t\t\t\t<div class=\"elementor-container elementor-column-gap-default\">\n\t\t\t\t\t<div class=\"elementor-column elementor-col-100 elementor-top-column elementor-element elementor-element-44de577\" data-id=\"44de577\" data-element_type=\"column\">\n\t\t\t<div class=\"elementor-widget-wrap elementor-element-populated\">\n\t\t\t\t\t\t\t\t<section class=\"elementor-section elementor-inner-section elementor-element elementor-element-2fd22aa elementor-section-full_width elementor-section-height-default elementor-section-height-default\" data-id=\"2fd22aa\" data-element_type=\"section\">\n\t\t\t\t\t\t<div class=\"elementor-container elementor-column-gap-default\">\n\t\t\t\t\t<div class=\"elementor-column elementor-col-66 elementor-inner-column elementor-element elementor-element-af652a8\" data-id=\"af652a8\" data-element_type=\"column\">\n\t\t\t<div class=\"elementor-widget-wrap elementor-element-populated\">\n\t\t\t\t\t\t\t\t<div class=\"elementor-element elementor-element-923efb5 elementor-widget elementor-widget-text-editor\" data-id=\"923efb5\" data-element_type=\"widget\" data-widget_type=\"text-editor.default\">\n\t\t\t\t<div class=\"elementor-widget-container\">\n\t\t\t\t\t\t\t<h2>FRIENDS<\/h2><p><strong><span style=\"color: #ff0000\">AKTION: Nimm 2 und eine Dritte gratis f\u00fcr FRIENDS<\/span><\/strong><\/p><p><strong>Material:<\/strong> 100% Organic Cotton<\/p><p><strong>Verarbeitung: <\/strong>gestrickt\/gen\u00e4ht, doppelter Stoff, bei Umschlag 4-facher Stoff, windfest<\/p><p><strong>Gr\u00f6\u00dfe\/Passform:<\/strong> f\u00fcr Kopfumfang ca. 57cm<\/p><p><strong>Farben:<\/strong> viele verschiedene Farben<\/p><p><strong>Feeling:\u00a0<\/strong>angenehm weicher Sitz ohne einzuengen<\/p><p><strong>Hergestellt in:<\/strong> \u00d6sterreich<\/p><p><strong>Preis: \u20ac 95<br \/><\/strong><\/p>\t\t\t\t\t\t<\/div>\n\t\t\t\t<\/div>\n\t\t\t\t<div class=\"elementor-element elementor-element-4314269 elementor-widget elementor-widget-button\" data-id=\"4314269\" data-element_type=\"widget\" data-widget_type=\"button.default\">\n\t\t\t\t<div class=\"elementor-widget-container\">\n\t\t\t\t\t<div class=\"elementor-button-wrapper\">\n\t\t\t<a class=\"elementor-button elementor-button-link elementor-size-sm\" href=\"https:\/\/www.chapeau-woolyjoy.com\/shop\/kategorie\/muetzen\/friends\/\">\n\t\t\t\t\t\t<span class=\"elementor-button-content-wrapper\">\n\t\t\t\t\t\t<span class=\"elementor-button-text\">zu den Modellen<\/span>\n\t\t<\/span>\n\t\t\t\t\t<\/a>\n\t\t<\/div>\n\t\t\t\t<\/div>\n\t\t\t\t<\/div>\n\t\t\t\t\t<\/div>\n\t\t<\/div>\n\t\t\t\t<div class=\"elementor-column elementor-col-33 elementor-inner-column elementor-element elementor-element-20304fa\" data-id=\"20304fa\" data-element_type=\"column\">\n\t\t\t<div class=\"elementor-widget-wrap elementor-element-populated\">\n\t\t\t\t\t\t\t\t<div class=\"elementor-element elementor-element-2400dc8 elementor-widget elementor-widget-image\" data-id=\"2400dc8\" data-element_type=\"widget\" data-widget_type=\"image.default\">\n\t\t\t\t<div class=\"elementor-widget-container\">\n\t\t\t\t\t\t\t\t\t\t\t\t\t\t\t\t<a href=\"https:\/\/www.chapeau-woolyjoy.com\/shop\/kategorie\/muetzen\/friends\/\">\n\t\t\t\t\t\t\t<img decoding=\"async\" src=\"https:\/\/www.chapeau-woolyjoy.com\/shop\/wp-content\/uploads\/2021\/12\/FRIENDS-600x872.jpg\" title=\"FRIENDS\" alt=\"FRIENDS\" loading=\"lazy\" \/>\t\t\t\t\t\t\t\t<\/a>\n\t\t\t\t\t\t\t\t\t\t\t\t\t\t\t<\/div>\n\t\t\t\t<\/div>\n\t\t\t\t\t<\/div>\n\t\t<\/div>\n\t\t\t\t\t\t\t<\/div>\n\t\t<\/section>\n\t\t\t\t\t<\/div>\n\t\t<\/div>\n\t\t\t\t\t\t\t<\/div>\n\t\t<\/section>\n\t\t\t\t<section class=\"elementor-section elementor-top-section elementor-element elementor-element-0ac97cd elementor-section-boxed elementor-section-height-default elementor-section-height-default\" data-id=\"0ac97cd\" data-element_type=\"section\">\n\t\t\t\t\t\t<div class=\"elementor-container elementor-column-gap-default\">\n\t\t\t\t\t<div class=\"elementor-column elementor-col-100 elementor-top-column elementor-element elementor-element-52561ce\" data-id=\"52561ce\" data-element_type=\"column\">\n\t\t\t<div class=\"elementor-widget-wrap elementor-element-populated\">\n\t\t\t\t\t\t\t\t<div class=\"elementor-element elementor-element-b7b110d elementor-widget-divider--view-line_text elementor-widget-divider--element-align-center elementor-widget elementor-widget-divider\" data-id=\"b7b110d\" data-element_type=\"widget\" data-widget_type=\"divider.default\">\n\t\t\t\t<div class=\"elementor-widget-container\">\n\t\t\t\t\t<div class=\"elementor-divider\">\n\t\t\t<span class=\"elementor-divider-separator\">\n\t\t\t\t\t\t\t<span class=\"elementor-divider__text elementor-divider__element\">\n\t\t\t\tCHAPEAU! WOOLY JOY\t\t\t\t<\/span>\n\t\t\t\t\t\t<\/span>\n\t\t<\/div>\n\t\t\t\t<\/div>\n\t\t\t\t<\/div>\n\t\t\t\t\t<\/div>\n\t\t<\/div>\n\t\t\t\t\t\t\t<\/div>\n\t\t<\/section>\n\t\t\t\t<section class=\"elementor-section elementor-top-section elementor-element elementor-element-69fe0d7 elementor-section-boxed elementor-section-height-default elementor-section-height-default\" data-id=\"69fe0d7\" data-element_type=\"section\">\n\t\t\t\t\t\t<div class=\"elementor-container elementor-column-gap-default\">\n\t\t\t\t\t<div class=\"elementor-column elementor-col-100 elementor-top-column elementor-element elementor-element-70941b4\" data-id=\"70941b4\" data-element_type=\"column\">\n\t\t\t<div class=\"elementor-widget-wrap elementor-element-populated\">\n\t\t\t\t\t\t\t\t<section class=\"elementor-section elementor-inner-section elementor-element elementor-element-4e6fdde elementor-section-full_width elementor-section-height-default elementor-section-height-default\" data-id=\"4e6fdde\" data-element_type=\"section\">\n\t\t\t\t\t\t<div class=\"elementor-container elementor-column-gap-default\">\n\t\t\t\t\t<div class=\"elementor-column elementor-col-33 elementor-inner-column elementor-element elementor-element-7f43b73\" data-id=\"7f43b73\" data-element_type=\"column\">\n\t\t\t<div class=\"elementor-widget-wrap elementor-element-populated\">\n\t\t\t\t\t\t\t\t<div class=\"elementor-element elementor-element-3c80806 elementor-widget elementor-widget-image\" data-id=\"3c80806\" data-element_type=\"widget\" data-widget_type=\"image.default\">\n\t\t\t\t<div class=\"elementor-widget-container\">\n\t\t\t\t\t\t\t\t\t\t\t\t\t\t\t\t<a href=\"https:\/\/www.chapeau-woolyjoy.com\/shop\/kategorie\/muetzen\/lion\/\">\n\t\t\t\t\t\t\t<img decoding=\"async\" src=\"https:\/\/www.chapeau-woolyjoy.com\/shop\/wp-content\/uploads\/2021\/12\/LION-grey-600x448.jpg\" title=\"LION grey\" alt=\"LION grey\" loading=\"lazy\" \/>\t\t\t\t\t\t\t\t<\/a>\n\t\t\t\t\t\t\t\t\t\t\t\t\t\t\t<\/div>\n\t\t\t\t<\/div>\n\t\t\t\t\t<\/div>\n\t\t<\/div>\n\t\t\t\t<div class=\"elementor-column elementor-col-66 elementor-inner-column elementor-element elementor-element-27a703e\" data-id=\"27a703e\" data-element_type=\"column\">\n\t\t\t<div class=\"elementor-widget-wrap elementor-element-populated\">\n\t\t\t\t\t\t\t\t<div class=\"elementor-element elementor-element-3837230 elementor-widget elementor-widget-text-editor\" data-id=\"3837230\" data-element_type=\"widget\" data-widget_type=\"text-editor.default\">\n\t\t\t\t<div class=\"elementor-widget-container\">\n\t\t\t\t\t\t\t<h2>LION<\/h2><p>\u00a0<\/p><p><strong>Material:<\/strong> 100% Kaschmir<\/p><p><strong>Verarbeitung:<\/strong> handgestrickt<\/p><p><strong>Gr\u00f6\u00dfe:<\/strong> Einheitsgr\u00f6\u00dfe ca 57cm, passt allen ausser bei &#8220;sehr kleinem&#8221; Kopfumfang<\/p><p><strong>Farben:<\/strong> hellgrau, mittelgrau<\/p><p><strong>Feeling:<\/strong> superflauschig-weicher Tragekomfort<\/p><p><strong>Hergestellt in:<\/strong> Italien<\/p><p><strong>Preis: \u20ac 235<\/strong><\/p>\t\t\t\t\t\t<\/div>\n\t\t\t\t<\/div>\n\t\t\t\t<div class=\"elementor-element elementor-element-049f767 elementor-widget elementor-widget-button\" data-id=\"049f767\" data-element_type=\"widget\" data-widget_type=\"button.default\">\n\t\t\t\t<div class=\"elementor-widget-container\">\n\t\t\t\t\t<div class=\"elementor-button-wrapper\">\n\t\t\t<a class=\"elementor-button elementor-button-link elementor-size-sm\" href=\"https:\/\/www.chapeau-woolyjoy.com\/shop\/kategorie\/muetzen\/lion\/\">\n\t\t\t\t\t\t<span class=\"elementor-button-content-wrapper\">\n\t\t\t\t\t\t<span class=\"elementor-button-text\">zu den Modellen<\/span>\n\t\t<\/span>\n\t\t\t\t\t<\/a>\n\t\t<\/div>\n\t\t\t\t<\/div>\n\t\t\t\t<\/div>\n\t\t\t\t\t<\/div>\n\t\t<\/div>\n\t\t\t\t\t\t\t<\/div>\n\t\t<\/section>\n\t\t\t\t\t<\/div>\n\t\t<\/div>\n\t\t\t\t\t\t\t<\/div>\n\t\t<\/section>\n\t\t\t\t<section class=\"elementor-section elementor-top-section elementor-element elementor-element-3ad9d71 elementor-section-boxed elementor-section-height-default elementor-section-height-default\" data-id=\"3ad9d71\" data-element_type=\"section\">\n\t\t\t\t\t\t<div class=\"elementor-container elementor-column-gap-default\">\n\t\t\t\t\t<div class=\"elementor-column elementor-col-100 elementor-top-column elementor-element elementor-element-89f5866\" data-id=\"89f5866\" data-element_type=\"column\">\n\t\t\t<div class=\"elementor-widget-wrap elementor-element-populated\">\n\t\t\t\t\t\t\t\t<div class=\"elementor-element elementor-element-dc5130e elementor-widget-divider--view-line_text elementor-widget-divider--element-align-center elementor-widget elementor-widget-divider\" data-id=\"dc5130e\" data-element_type=\"widget\" data-widget_type=\"divider.default\">\n\t\t\t\t<div class=\"elementor-widget-container\">\n\t\t\t\t\t<div class=\"elementor-divider\">\n\t\t\t<span class=\"elementor-divider-separator\">\n\t\t\t\t\t\t\t<span class=\"elementor-divider__text elementor-divider__element\">\n\t\t\t\tCHAPEAU! WOOLY JOY\t\t\t\t<\/span>\n\t\t\t\t\t\t<\/span>\n\t\t<\/div>\n\t\t\t\t<\/div>\n\t\t\t\t<\/div>\n\t\t\t\t\t<\/div>\n\t\t<\/div>\n\t\t\t\t\t\t\t<\/div>\n\t\t<\/section>\n\t\t\t\t<section class=\"elementor-section elementor-top-section elementor-element elementor-element-6fdf0ab elementor-section-boxed elementor-section-height-default elementor-section-height-default\" data-id=\"6fdf0ab\" data-element_type=\"section\">\n\t\t\t\t\t\t<div class=\"elementor-container elementor-column-gap-default\">\n\t\t\t\t\t<div class=\"elementor-column elementor-col-100 elementor-top-column elementor-element elementor-element-17849a9\" data-id=\"17849a9\" data-element_type=\"column\">\n\t\t\t<div class=\"elementor-widget-wrap elementor-element-populated\">\n\t\t\t\t\t\t\t\t<section class=\"elementor-section elementor-inner-section elementor-element elementor-element-d9ce04a elementor-section-full_width elementor-section-height-default elementor-section-height-default\" data-id=\"d9ce04a\" data-element_type=\"section\">\n\t\t\t\t\t\t<div class=\"elementor-container elementor-column-gap-default\">\n\t\t\t\t\t<div class=\"elementor-column elementor-col-66 elementor-inner-column elementor-element elementor-element-7532ad6\" data-id=\"7532ad6\" data-element_type=\"column\">\n\t\t\t<div class=\"elementor-widget-wrap elementor-element-populated\">\n\t\t\t\t\t\t\t\t<div class=\"elementor-element elementor-element-699ae37 elementor-widget elementor-widget-text-editor\" data-id=\"699ae37\" data-element_type=\"widget\" data-widget_type=\"text-editor.default\">\n\t\t\t\t<div class=\"elementor-widget-container\">\n\t\t\t\t\t\t\t<h2>STING Kids<\/h2><p><strong>Material:<\/strong> Bunte Mischung aus Merino, Seide, Kaschmir, Alpaka, Kunstfaser<\/p><p><strong>Verarbeitung:<\/strong> handgestrickt<\/p><p><strong>Gr\u00f6\u00dfe:<\/strong> Einheitsgr\u00f6\u00dfe ca. 51cm<\/p><p><strong>Farben:<\/strong> bunt<\/p><p><strong>Feeling:\u00a0<\/strong>angenehmer Tragekomfort<\/p><p><strong>Hergestellt in:<\/strong> \u00d6sterreich<\/p><p><strong>Preis: \u20ac 95<\/strong><\/p>\t\t\t\t\t\t<\/div>\n\t\t\t\t<\/div>\n\t\t\t\t<div class=\"elementor-element elementor-element-fb51349 elementor-widget elementor-widget-button\" data-id=\"fb51349\" data-element_type=\"widget\" data-widget_type=\"button.default\">\n\t\t\t\t<div class=\"elementor-widget-container\">\n\t\t\t\t\t<div class=\"elementor-button-wrapper\">\n\t\t\t<a class=\"elementor-button elementor-button-link elementor-size-sm\" href=\"https:\/\/www.chapeau-woolyjoy.com\/shop\/kategorie\/muetzen\/sting-kids\/\">\n\t\t\t\t\t\t<span class=\"elementor-button-content-wrapper\">\n\t\t\t\t\t\t<span class=\"elementor-button-text\">zu den Modellen<\/span>\n\t\t<\/span>\n\t\t\t\t\t<\/a>\n\t\t<\/div>\n\t\t\t\t<\/div>\n\t\t\t\t<\/div>\n\t\t\t\t\t<\/div>\n\t\t<\/div>\n\t\t\t\t<div class=\"elementor-column elementor-col-33 elementor-inner-column elementor-element elementor-element-8b7efd2\" data-id=\"8b7efd2\" data-element_type=\"column\">\n\t\t\t<div class=\"elementor-widget-wrap elementor-element-populated\">\n\t\t\t\t\t\t\t\t<div class=\"elementor-element elementor-element-6230066 elementor-widget elementor-widget-image\" data-id=\"6230066\" data-element_type=\"widget\" data-widget_type=\"image.default\">\n\t\t\t\t<div class=\"elementor-widget-container\">\n\t\t\t\t\t\t\t\t\t\t\t\t\t\t\t\t<a href=\"https:\/\/www.chapeau-woolyjoy.com\/shop\/kategorie\/muetzen\/sting-kids\/\">\n\t\t\t\t\t\t\t<img decoding=\"async\" src=\"https:\/\/www.chapeau-woolyjoy.com\/shop\/wp-content\/uploads\/2021\/12\/Sting-kids.jpg\" title=\"Sting kids\" alt=\"Sting kids\" loading=\"lazy\" \/>\t\t\t\t\t\t\t\t<\/a>\n\t\t\t\t\t\t\t\t\t\t\t\t\t\t\t<\/div>\n\t\t\t\t<\/div>\n\t\t\t\t\t<\/div>\n\t\t<\/div>\n\t\t\t\t\t\t\t<\/div>\n\t\t<\/section>\n\t\t\t\t\t<\/div>\n\t\t<\/div>\n\t\t\t\t\t\t\t<\/div>\n\t\t<\/section>\n\t\t\t\t<section class=\"elementor-section elementor-top-section elementor-element elementor-element-b1a5be3 elementor-section-boxed elementor-section-height-default elementor-section-height-default\" data-id=\"b1a5be3\" data-element_type=\"section\">\n\t\t\t\t\t\t<div class=\"elementor-container elementor-column-gap-default\">\n\t\t\t\t\t<div class=\"elementor-column elementor-col-100 elementor-top-column elementor-element elementor-element-cb270a9\" data-id=\"cb270a9\" data-element_type=\"column\">\n\t\t\t<div class=\"elementor-widget-wrap elementor-element-populated\">\n\t\t\t\t\t\t\t\t<div class=\"elementor-element elementor-element-f732513 elementor-widget-divider--view-line_text elementor-widget-divider--element-align-center elementor-widget elementor-widget-divider\" data-id=\"f732513\" data-element_type=\"widget\" data-widget_type=\"divider.default\">\n\t\t\t\t<div class=\"elementor-widget-container\">\n\t\t\t\t\t<div class=\"elementor-divider\">\n\t\t\t<span class=\"elementor-divider-separator\">\n\t\t\t\t\t\t\t<span class=\"elementor-divider__text elementor-divider__element\">\n\t\t\t\tCHAPEAU! WOOLY JOY\t\t\t\t<\/span>\n\t\t\t\t\t\t<\/span>\n\t\t<\/div>\n\t\t\t\t<\/div>\n\t\t\t\t<\/div>\n\t\t\t\t\t<\/div>\n\t\t<\/div>\n\t\t\t\t\t\t\t<\/div>\n\t\t<\/section>\n\t\t\t\t\t\t\t<\/div>\n\t\t","protected":false},"excerpt":{"rendered":"<p>AKTION CHAPEAU! Pop Up store und adventm\u00e4rkte 2022\/23 17. November 2022\u201314.J\u00e4nner 2023, 1010 Wien, Bauernmarkt 8 18.\u201320. November 2022, Lederleitner G\u00e4rtnerei, 3452 Atzenbrugg, Schubertstar\u00dfe 36 24.\u201327. November 2022, Lederleitner HOME, Schloss Walpersdorf, 3131 Walpersdorf, Schlossstra\u00dfe 2 BAMBU AKTION: Mut zur Farbe: Nimm 3 Zahl 2 Material: 100% Bambus-Viskose Verarbeitung: gewebt Gr\u00f6\u00dfe: ca. 60\/70 x 190\/200 Farben: 14 verschiedenen Farben Feeling: seidig-gl\u00e4nzend, glatt-weiches Kaschmir-Feeling Hergestellt in: Indien Preis: \u20ac 95 zu den Modellen CHAPEAU! WOOLY JOY FRIENDS AKTION: Nimm 2 und eine Dritte gratis f\u00fcr FRIENDS Material: 100% Organic Cotton Verarbeitung: gestrickt\/gen\u00e4ht, doppelter Stoff, bei Umschlag 4-facher Stoff, windfest Gr\u00f6\u00dfe\/Passform: f\u00fcr Kopfumfang ca. 57cm Farben: viele verschiedene Farben Feeling:\u00a0angenehm weicher Sitz ohne einzuengen Hergestellt in: \u00d6sterreich Preis: \u20ac 95 zu den Modellen CHAPEAU! WOOLY JOY LION \u00a0 Material: 100% Kaschmir Verarbeitung: handgestrickt Gr\u00f6\u00dfe: Einheitsgr\u00f6\u00dfe ca 57cm, passt allen ausser bei &#8220;sehr kleinem&#8221; Kopfumfang Farben: hellgrau, mittelgrau Feeling: superflauschig-weicher Tragekomfort Hergestellt in:&hellip;<\/p>\n<p> <a class=\"more-link\" href=\"https:\/\/www.chapeau-woolyjoy.com\/shop\/startseite\/\">Weiterlesen<\/a><\/p>\n","protected":false},"author":1,"featured_media":76,"parent":0,"menu_order":1,"comment_status":"closed","ping_status":"closed","template":"","meta":{"footnotes":""},"_links":{"self":[{"href":"https:\/\/www.chapeau-woolyjoy.com\/shop\/wp-json\/wp\/v2\/pages\/25"}],"collection":[{"href":"https:\/\/www.chapeau-woolyjoy.com\/shop\/wp-json\/wp\/v2\/pages"}],"about":[{"href":"https:\/\/www.chapeau-woolyjoy.com\/shop\/wp-json\/wp\/v2\/types\/page"}],"author":[{"embeddable":true,"href":"https:\/\/www.chapeau-woolyjoy.com\/shop\/wp-json\/wp\/v2\/users\/1"}],"replies":[{"embeddable":true,"href":"https:\/\/www.chapeau-woolyjoy.com\/shop\/wp-json\/wp\/v2\/comments?post=25"}],"version-history":[{"count":419,"href":"https:\/\/www.chapeau-woolyjoy.com\/shop\/wp-json\/wp\/v2\/pages\/25\/revisions"}],"predecessor-version":[{"id":2100,"href":"https:\/\/www.chapeau-woolyjoy.com\/shop\/wp-json\/wp\/v2\/pages\/25\/revisions\/2100"}],"wp:featuredmedia":[{"embeddable":true,"href":"https:\/\/www.chapeau-woolyjoy.com\/shop\/wp-json\/wp\/v2\/media\/76"}],"wp:attachment":[{"href":"https:\/\/www.chapeau-woolyjoy.com\/shop\/wp-json\/wp\/v2\/media?parent=25"}],"curies":[{"name":"wp","href":"https:\/\/api.w.org\/{rel}","templated":true}]}}