{"id":64,"date":"2020-03-24T10:00:37","date_gmt":"2020-03-24T09:00:37","guid":{"rendered":""},"modified":"2022-11-16T14:12:18","modified_gmt":"2022-11-16T13:12:18","slug":"agb","status":"publish","type":"page","link":"https:\/\/www.chapeau-woolyjoy.com\/shop\/agb\/","title":{"rendered":"AGB"},"content":{"rendered":"\n<h2 class=\"wp-block-heading\"><strong>ALLGEMEINE<\/strong> <strong>GESCH\u00c4FTSBEDINGUNGEN<\/strong><\/h2>\n\n\n\n<p><strong>1 Vertragspartner und Geltungsbereich<\/strong><\/p>\n\n\n\n<p>1.1 Chapeau-woolyjoy.com wird von Mag. Christina Dubisar betrieben, in Folge Verk\u00e4ufer genannt.<\/p>\n\n\n\n<p>Der Vertrag kommt zustande mit:<\/p>\n\n\n\n<p>Chapeau! wooly joy<br>Mag. Christina Dubisar<br>Ghelengasse 34\/3\/3<br>1130 Wien<br>T: +43(0)664\u00a0125\u00a0128 7<br><a href=\"http:\/\/www.chapeau-woolyjoy.com\">www.chapeau-woolyjoy.com<\/a><br><a href=\"mailto:crafted@chapeau-woolyjoy\">crafted@chapeau-woolyjoy<\/a><br>UID: ATU 54031006<\/p>\n\n\n\n<p>1.2 S\u00e4mtliche Angebote, Lieferungen und Leistungen im Rahmen des Online-Stores erfolgen ausschlie\u00dflich auf Basis der Allgemeinen Gesch\u00e4ftsbedingungen.<\/p>\n\n\n\n<p>1.3 Die Bestellung erfolgt via e-mail. Mit Einlangen der Bestell-Mail beim Verk\u00e4ufer erkl\u00e4rt sich der K\u00e4ufer mit diesen AGBs einverstanden und ist an sie gebunden.<\/p>\n\n\n\n<p><strong>2. Vertragsschluss<\/strong><\/p>\n\n\n\n<p>2.1 Die Pr\u00e4sentation der Produkte im Online-Shop stellt kein rechtlich bindendes Angebot dar, sondern nur eine unverbindliche Aufforderung an den Verbraucher, Waren zu bestellen. Irrt\u00fcmer sind vorbehalten. Alle Angebote auf unserer Website sind freibleibend, unverbindlich und nur erh\u00e4ltlich solange der Vorrat reicht.<\/p>\n\n\n\n<p>2.2 Durch Versenden des Bestellung-Mails geben Sie eine verbindliche Bestellung der im Mail aufgelisteten Waren ab. Der Kaufvertrag kommt erst zustande, durch den Versand einer E-Mail als Auftragsbest\u00e4tigung durch den Verk\u00e4ufer oder sobald die bestellte Ware ausgeliefert wird oder durch sonstige Annahme des Kundenangebots.<\/p>\n\n\n\n<p>2.3 Die Bestellabwicklung und Kontaktaufnahme finden in per E-Mail statt. Der Kunde hat sicherzustellen, dass die von ihm zur Bestellabwicklung angegebene E-Mail-Adresse zutreffend ist, so dass unter dieser Adresse die vom Verk\u00e4ufer versandten E-Mails empfangen werden k\u00f6nnen. Insbesondere hat der Kunde bei dem Einsatz von SPAM-Filtern sicherzustellen, dass alle vom Verk\u00e4ufer oder von diesem mit der Bestellabwicklung beauftragten Dritten versandten Mails zugestellt werden k\u00f6nnen.<\/p>\n\n\n\n<p>2.4 Das Angebot richtet sich ausschlie\u00dflich an gesch\u00e4ftsf\u00e4hige Kunden (nat\u00fcrliche Personen ab dem 18. Lebensjahr).<\/p>\n\n\n\n<p><strong>3. Preise<\/strong><\/p>\n\n\n\n<p>3.1 Alle Preise im Webshop sind in Euro angegeben und verstehen sich als Bruttopreise inklusive der gesetzlichen Umsatzsteuer und exklusive aller mit dem Versand entstehenden Spesen. Es gelten die zum Zeitpunkt der Bestellung angegebenen Preise.<\/p>\n\n\n\n<p>3.2 Alle Preise und Spesen werden vor Vertragsschluss per Mail an den Kunden mittels Bestellbest\u00e4tigung \u00fcbermittelt. Sollten im Zuge des Versandes Export- oder Importabgaben f\u00e4llig werden, gehen diese zu Lasten des Bestellers (Diesbez\u00fcgliche Informationen erhalten Sie bei Ihrem zust\u00e4ndigen Zollamt).<\/p>\n\n\n\n<p><strong>4 Zahlungsarten<\/strong><\/p>\n\n\n\n<p><br>Zahlung per Voraus-Kassa:<br>Sie erhalten eine Rechnung per Mail. Erst wenn der volle Rechnungsbetrag dem Konto gutgeschrieben wurde, wird die Ware versendet.<\/p>\n\n\n\n<p>Bankverbindung:<br>Mag. Christina Dubisar<\/p>\n\n\n\n<p>BRAIKA N\u00d6\/Wien<br>IBAN: AT32 3200 0000 1019 9057<\/p>\n\n\n\n<p><strong>5 M\u00e4ngel<\/strong><\/p>\n\n\n\n<p><br>5.1 Falls das Paket bei der Zustellung \u00e4u\u00dferliche Besch\u00e4digungen aufweist, werden der Kunde ersucht f\u00fcr eine eventuelle Erstattung zusammen mit dem Zusteller (Postbote) die M\u00e4ngel schriftlich festzuhalten und die Waren in seinem Beisein zu kontrollieren. Ohne dieses vom Transporteur best\u00e4tigte Schadensprotokoll kann der SAK keinen kostenfreien Ersatz liefern und den Warenwert auch nicht erstatten.<\/p>\n\n\n\n<p><br>5.2 M\u00e4ngel sind unverz\u00fcglich, sp\u00e4testens 7 Tage nach Erhalt der Ware, schriftlich oder per Fax bekannt zu geben.<\/p>\n\n\n\n<p><br>5.3 Im Falle eines berechtigterweise beanstandeten Mangels ist der Verk\u00e4ufer nach seiner Wahl zur Beseitigung des Mangels oder zur Ersatzlieferung berechtigt. Schl\u00e4gt die M\u00e4ngelbeseitigung fehl oder ist der Verk\u00e4ufer nicht in der Lage, Ersatzlieferung zu leisten, so ist der Kunde berechtigt, Preisminderung oder Wandlung zu verlangen.<\/p>\n\n\n\n<p><br>5.4 Verk\u00e4ufer weist ausdr\u00fccklich darauf hin, dass die Ware zum Teil handgefertigt ist. Deshalb k\u00f6nnen Gr\u00f6\u00dfe, Form, Farbe, Design, Materialbeschaffenheit abweichen. Dies sind Zeichen f\u00fcr den Unikatcharakter der Waren und sind keine Gr\u00fcnde f\u00fcr Reklamationen.<\/p>\n\n\n\n<p><strong>6 R\u00fccktrittsrecht \u2013 \u201eGeld zur\u00fcck\u201c Garantie<\/strong><\/p>\n\n\n\n<p><br>6.1 &nbsp;Kunden, die Verbraucher im Sinne des Konsumentenschutzgesetzes sind, k\u00f6nnen 14 Tage ab Waren\u00fcbernahme vom Kauf ohne Angabe von Gr\u00fcnden zur\u00fccktreten. Um Ihr Widerrufsrecht auszu\u00fcben, m\u00fcssen Sie uns<\/p>\n\n\n\n<p>Mag. Christina Dubisar, Ghelengasse 34\/3\/30, 1130 Wien, Mail: crafted@chapeau-woolyjoy.com , Tel.: +43(0)664&nbsp;125&nbsp;128 7 mittels einer eindeutigen Erkl\u00e4rung (z.B. ein mit der Post versandter Brief oder einer E-Mail) \u00fcber Ihren Entschluss, diesen Vertrag zu widerrufen, informieren.<\/p>\n\n\n\n<p>6.2 Zur Wahrung der Widerrufsfrist reicht es aus, dass Sie die Mitteilung \u00fcber die Aus\u00fcbung des Widerrufsrechts vor Ablauf der Widerrufsfrist absenden.<\/p>\n\n\n\n<p><br>6.3 &nbsp;Im Falle des R\u00fccktritts findet eine R\u00fcckerstattung des Kaufpreises Zug um Zug gegen Zur\u00fcckstellung der vom Kunden erhaltenen Waren. Bedingung hierf\u00fcr ist, dass sich die Ware in ungen\u00fctztem und als neu wiederverkaufsf\u00e4higem Zustand befindet. Die Kosten der R\u00fccksendung gehen zu Lasten des Kunden.<\/p>\n\n\n\n<p><br>6.4 Artikeln, die durch Gebrauchsspuren beeintr\u00e4chtigt oder besch\u00e4digt sind, k\u00f6nnen nicht zur\u00fcckgegeben werden.<\/p>\n\n\n\n<p><br>6.5 \u201eGeld zur\u00fcck\u201c Garantie: 14 Tage R\u00fcckgaberecht auf ungebrauchte Ware. Sie erhalten auf Wunsch den Kaufpreis zur\u00fcck oder verrechnen ihn mit einer Ersatzbestellung.<\/p>\n\n\n\n<p>6.6 Das Widerrufsrecht besteht nicht bei Vertr\u00e4gen zur Lieferung von Waren, die nicht vorgefertigt sind sondern eindeutig auf die pers\u00f6nlichen Bed\u00fcrfnisse des Kunden zugeschnitten sind.<\/p>\n\n\n\n<p>6.7 Die unter chapeau-woolyjoy.com angebotenen Waren sind auf der Internet-Seite in Form von digitalen Fotografien von den real existierenden Waren dargestellt. Geringf\u00fcgige Abweichungen zwischen Darstellung und Wirklichkeit stellen keinen Mangel der bestellten Ware dar.<\/p>\n\n\n\n<p>6.8 Ist der Kunde Unternehmer, so ist ein Widerruf g\u00e4nzlich ausgeschlossen.<\/p>\n\n\n\n<p><strong>7. Lieferung und Versandkosten<\/strong><\/p>\n\n\n\n<p>7.1 Der Versand erfolgt mit der Post oder DHL an die vom Kunden angegebene Lieferadresse.<\/p>\n\n\n\n<p>7.2 Die Lieferung erfolgt nach Bezahlung innerhalb von zwei bis f\u00fcnf Werktagen an die vom Besteller angegebene Lieferadresse.<\/p>\n\n\n\n<p>7.3 F\u00fcr den Versand innerhalb \u00d6sterreichs wird eine Versandkostenpauschale von \u20ac5, innerhalb der \u00fcbrigen EU-L\u00e4nder 9\u20ac. Bei vom Kunden gew\u00fcnschten Express-Zustellungen mit DHL betr\u00e4gt die Versandkostenpauschale \u20ac29.<\/p>\n\n\n\n<p><strong>9. Hinweise zur Datenverarbeitung<\/strong><\/p>\n\n\n\n<p>10.1 Der Anbieter erhebt im Rahmen der Abwicklung von Vertr\u00e4gen Daten des Kunden. Er beachtet dabei insbesondere die Vorschriften des Datenschutzgesetzes (DSG) und des Telemediengesetzes. Ohne Einwilligung des Kunden wird der Anbieter Bestands- und Nutzungsdaten des Kunden nur erheben, verarbeiten oder nutzen, soweit dies f\u00fcr die Abwicklung des Vertragsverh\u00e4ltnisses und f\u00fcr die Inanspruchnahme und Abrechnung von Telemedien erforderlich ist.<\/p>\n\n\n\n<p>10.2 Ohne die Einwilligung des Kunden wird der Anbieter Daten des Kunden nicht f\u00fcr Zwecke der Werbung oder Marktforschung nutzen.<\/p>\n\n\n\n<p><strong>10. Schlussbestimmungen<\/strong><\/p>\n\n\n\n<p>10.1 Gerichtsstand und Erf\u00fcllungsort des Vertrages ist Wien. Auf diesen Vertrag ist \u00f6sterreichisches Recht anzuwenden, auch wenn die Lieferung ins Ausland erfolgt. Vertragssprache ist deutsch.<\/p>\n\n\n\n<p>10.2 Salvatorische Klausel: Der Vertrag bleibt auch bei rechtlicher Unwirksamkeit einzelner Punkte in seinen \u00fcbrigen Teilen verbindlich. Anstelle der unwirksamen Punkte treten, soweit vorhanden, die gesetzlichen Vorschriften. Soweit dies f\u00fcr eine Vertragspartei eine unzumutbare H\u00e4rte darstellen w\u00fcrde, wird der Vertrag jedoch im Ganzen unwirksam.<\/p>\n","protected":false},"excerpt":{"rendered":"<p>ALLGEMEINE GESCH\u00c4FTSBEDINGUNGEN 1 Vertragspartner und Geltungsbereich 1.1 Chapeau-woolyjoy.com wird von Mag. Christina Dubisar betrieben, in Folge Verk\u00e4ufer genannt. Der Vertrag kommt zustande mit: Chapeau! wooly joyMag. Christina DubisarGhelengasse 34\/3\/31130 WienT: +43(0)664\u00a0125\u00a0128 7www.chapeau-woolyjoy.comcrafted@chapeau-woolyjoyUID: ATU 54031006 1.2 S\u00e4mtliche Angebote, Lieferungen und Leistungen im Rahmen des Online-Stores erfolgen ausschlie\u00dflich auf Basis der Allgemeinen Gesch\u00e4ftsbedingungen. 1.3 Die Bestellung erfolgt via e-mail. Mit Einlangen der Bestell-Mail beim Verk\u00e4ufer erkl\u00e4rt sich der K\u00e4ufer mit diesen AGBs einverstanden und ist an sie gebunden. 2. Vertragsschluss 2.1 Die Pr\u00e4sentation der Produkte im Online-Shop stellt kein rechtlich bindendes Angebot dar, sondern nur eine unverbindliche Aufforderung an den Verbraucher, Waren zu bestellen. Irrt\u00fcmer sind vorbehalten. Alle Angebote auf unserer Website sind freibleibend, unverbindlich und nur erh\u00e4ltlich solange der Vorrat reicht. 2.2 Durch Versenden des Bestellung-Mails geben Sie eine verbindliche Bestellung der im Mail aufgelisteten Waren ab. Der Kaufvertrag kommt erst zustande, durch den Versand einer E-Mail als Auftragsbest\u00e4tigung durch den&hellip;<\/p>\n<p> <a class=\"more-link\" href=\"https:\/\/www.chapeau-woolyjoy.com\/shop\/agb\/\">Weiterlesen<\/a><\/p>\n","protected":false},"author":1,"featured_media":0,"parent":0,"menu_order":0,"comment_status":"closed","ping_status":"closed","template":"","meta":{"footnotes":""},"_links":{"self":[{"href":"https:\/\/www.chapeau-woolyjoy.com\/shop\/wp-json\/wp\/v2\/pages\/64"}],"collection":[{"href":"https:\/\/www.chapeau-woolyjoy.com\/shop\/wp-json\/wp\/v2\/pages"}],"about":[{"href":"https:\/\/www.chapeau-woolyjoy.com\/shop\/wp-json\/wp\/v2\/types\/page"}],"author":[{"embeddable":true,"href":"https:\/\/www.chapeau-woolyjoy.com\/shop\/wp-json\/wp\/v2\/users\/1"}],"replies":[{"embeddable":true,"href":"https:\/\/www.chapeau-woolyjoy.com\/shop\/wp-json\/wp\/v2\/comments?post=64"}],"version-history":[{"count":6,"href":"https:\/\/www.chapeau-woolyjoy.com\/shop\/wp-json\/wp\/v2\/pages\/64\/revisions"}],"predecessor-version":[{"id":2051,"href":"https:\/\/www.chapeau-woolyjoy.com\/shop\/wp-json\/wp\/v2\/pages\/64\/revisions\/2051"}],"wp:attachment":[{"href":"https:\/\/www.chapeau-woolyjoy.com\/shop\/wp-json\/wp\/v2\/media?parent=64"}],"curies":[{"name":"wp","href":"https:\/\/api.w.org\/{rel}","templated":true}]}}